{"id":12,"date":"2014-07-13T03:24:31","date_gmt":"2014-07-13T02:24:31","guid":{"rendered":"http:\/\/cttbussy.free.fr\/?page_id=12"},"modified":"2022-06-25T23:02:21","modified_gmt":"2022-06-25T21:02:21","slug":"histoire","status":"publish","type":"page","link":"https:\/\/www.cttbsg.domosite.fr\/index.php\/le-club\/histoire\/","title":{"rendered":"Histoire"},"content":{"rendered":"<p style=\"text-align: left;\">Fin avril 1983 Jean-Pierre Marois d\u00e9couvrait dans une pi\u00e8ce de la salle polyvalente (salle Maurice Koehl aujourd\u2019hui) 2 tables de ping-pong enfouies sous des cartons et des cageots \u2013<br \/>\nApr\u00e8s s\u2019\u00eatre assur\u00e9 du bon \u00e9tat de ces tables, il demandait \u00e0 la Mairie la possibilit\u00e9 de les utiliser les mardi et jeudi de 20h30 \u00e0 22h30 au profit des jeunes et moins jeunes de Bussy. Le village comptait \u00e0 l\u2019\u00e9poque environ 450 habitants. La proposition \u00e9tait accept\u00e9e et les divers documents (assurances, occupation des locaux, . . .,) sign\u00e9s avec Daniel Doussot, Maire de Bussy. La salle polyvalente ouvrait ses portes pour cette activit\u00e9 d\u00e8s le mardi 17 mai 1983. Ce premier mardi il y a eu 2 enfants de 10 et 11 ans : Val\u00e9rie Kornprobst et J\u00e9r\u00f4me Mass\u00e9. La semaine suivante, un peu plus de jeunes et un adulte : Patrick Ch\u00e9roux.<br \/>\nLe club pris pour d\u00e9nomination \u00ab A S L Tennis de table \u00bb. Il n\u2019avait qu\u2019une activit\u00e9 de loisir et organisait, chaque ann\u00e9e, un tournoi amical ouvert \u00e0 tous et avec les communes avoisinantes (Ferri\u00e8res et Coll\u00e9gien notamment). Ce n\u2019est que 10 ans plus tard, en 1993, que nous nous sommes affili\u00e9s \u00e0 l\u2019Union Fran\u00e7aise des \u0152uvres La\u00efques d\u2019Education Physique (UFOLEP). Patrick Ch\u00e9roux, qui avait pris la direction de cette activit\u00e9 en 1989 a beaucoup \u0153uvr\u00e9 pour que d\u2019un club de loisir nous devenions un club participant aux comp\u00e9titions d\u00e9partementales et r\u00e9gionales tout en conservant la partie loisir. En 1997, \u00e0 la demande de plusieurs pongistes, nous nous sommes affili\u00e9s \u00e0 la F\u00e9d\u00e9ration Fran\u00e7aise de Tennis de Table (FFTT). Patrick n\u2019a pas renouvel\u00e9 son mandat de pr\u00e9sident en juin 2000. Il est d\u00e9c\u00e9d\u00e9 le 3 ao\u00fbt 2000 dans sa 47\u00e8me ann\u00e9e et nous avons donn\u00e9 son nom \u00e0 la salle dans laquelle nous jouons actuellement. Il en est de m\u00eame pour un autre pr\u00e9sident, Guy Pasqua, qui est d\u00e9c\u00e9d\u00e9 au cours de son mandat, le 13 septembre 2002 dans sa 53\u00e8me ann\u00e9e.<br \/>\nLe Club \u00e0 jou\u00e9 jusqu\u2019\u00e0 fin 1989 dans la salle polyvalente et s\u2019est d\u00e9plac\u00e9 dans le gymnase Michel Jazy (inaugur\u00e9 le 26 octobre 1988 par Daniel Doussot, Maire de Bussy) de 1990 au 31 ao\u00fbt 1996. C\u2019est \u00e0 partir de septembre 1996 que nous sommes venus jouer dans la grande salle du gymnase Maurice Herzog (inaugur\u00e9 le 23 mars 1996 par Bernard M\u00e9nager, Maire de Bussy) et c\u2019est en juillet 2000 que nous avons int\u00e9gr\u00e9 la salle Patrick Ch\u00e9roux.<br \/>\nC\u2019est avec St\u00e9phane Barnier, successeur de Patrick, que nous avons d\u00e9cid\u00e9 de changer de nom et \u00e0 compter du 1er janvier 2001, l\u2019association est devenue \u00ab Club de tennis de table de Bussy Saint Georges \u2013 CTT BSG \u00bb, enregistr\u00e9e \u00e0 la sous pr\u00e9fecture de Meaux le 5 janvier 2001, parution au Journal Officiel du 17 f\u00e9vrier 2001 sous le num\u00e9ro 1968.<br \/>\nLes pr\u00e9sidents :<\/p>\n<p style=\"text-align: left;\">\n<table id=\"tablepress-1\" class=\"tablepress tablepress-id-1\">\n<tbody class=\"row-hover\">\n<tr class=\"row-1\">\n\t<td class=\"column-1\">Marois Jean-Pierre<\/td><td class=\"column-2\">17 mai 1983 au 31 d\u00e9cembre 1988<\/td>\n<\/tr>\n<tr class=\"row-2\">\n\t<td class=\"column-1\">Ch\u00e9roux Patrick      <\/td><td class=\"column-2\">1er janvier 1989 au 30 juin 2000<\/td>\n<\/tr>\n<tr class=\"row-3\">\n\t<td class=\"column-1\">Barnier St\u00e9phane<\/td><td class=\"column-2\">1er juillet 2000 au 30 juin 2001<\/td>\n<\/tr>\n<tr class=\"row-4\">\n\t<td class=\"column-1\">toto<\/td><td class=\"column-2\"><\/td>\n<\/tr>\n<tr class=\"row-5\">\n\t<td class=\"column-1\"><\/td><td class=\"column-2\"><\/td>\n<\/tr>\n<tr class=\"row-6\">\n\t<td class=\"column-1\"><\/td><td class=\"column-2\"><\/td>\n<\/tr>\n<tr class=\"row-7\">\n\t<td class=\"column-1\"><\/td><td class=\"column-2\"><\/td>\n<\/tr>\n<tr class=\"row-8\">\n\t<td class=\"column-1\"><\/td><td class=\"column-2\"><\/td>\n<\/tr>\n<tr class=\"row-9\">\n\t<td class=\"column-1\"><\/td><td class=\"column-2\"><\/td>\n<\/tr>\n<tr class=\"row-10\">\n\t<td class=\"column-1\"><\/td><td class=\"column-2\"><\/td>\n<\/tr>\n<tr class=\"row-11\">\n\t<td class=\"column-1\"><\/td><td class=\"column-2\"><\/td>\n<\/tr>\n<tr class=\"row-12\">\n\t<td class=\"column-1\"><\/td><td class=\"column-2\"><\/td>\n<\/tr>\n<\/tbody>\n<\/table>\n<!-- #tablepress-1 from cache --><br \/>\nMarois Jean-Pierre\u00a0\u00a0\u00a0\u00a0\u00a0\u00a0\u00a0\u00a0\u00a0\u00a0\u00a0\u00a0\u00a0\u00a0\u00a0\u00a0\u00a0\u00a0\u00a0\u00a0\u00a0\u00a0\u00a0\u00a0\u00a0\u00a0\u00a0\u00a0\u00a0\u00a0\u00a0\u00a0\u00a0\u00a0 17 mai 1983 au 31 d\u00e9cembre 1988<br \/>\nCh\u00e9roux Patrick \u00a0\u00a0\u00a0\u00a0\u00a0\u00a0\u00a0\u00a0\u00a0\u00a0\u00a0\u00a0\u00a0\u00a0\u00a0\u00a0\u00a0\u00a0\u00a0\u00a0\u00a0\u00a0\u00a0\u00a0\u00a0\u00a0\u00a0\u00a0\u00a0\u00a0\u00a0\u00a0\u00a0 \u00a0 \u00a0 \u00a0 1er janvier 1989 au 30 juin 2000<br \/>\nBarnier St\u00e9phane \u00a0\u00a0\u00a0\u00a0\u00a0\u00a0\u00a0\u00a0\u00a0\u00a0\u00a0\u00a0\u00a0\u00a0\u00a0\u00a0\u00a0\u00a0\u00a0\u00a0\u00a0\u00a0\u00a0\u00a0\u00a0\u00a0\u00a0\u00a0\u00a0\u00a0\u00a0\u00a0\u00a0 \u00a0 1er juillet 2000 au 30 juin 2001<br \/>\nPasqua Guy \u00a0\u00a0\u00a0\u00a0\u00a0\u00a0\u00a0\u00a0\u00a0\u00a0\u00a0\u00a0\u00a0\u00a0\u00a0\u00a0\u00a0\u00a0\u00a0\u00a0\u00a0\u00a0\u00a0\u00a0\u00a0\u00a0\u00a0\u00a0\u00a0\u00a0\u00a0\u00a0\u00a0\u00a0\u00a0\u00a0\u00a0\u00a0\u00a0\u00a0\u00a0\u00a0\u00a0\u00a0\u00a0\u00a0\u00a0 1er juillet 2001 au 16 septembre 2002<br \/>\nOliv Jean-Pierre \u00a0\u00a0\u00a0\u00a0\u00a0\u00a0\u00a0\u00a0\u00a0\u00a0\u00a0\u00a0\u00a0\u00a0\u00a0\u00a0\u00a0\u00a0\u00a0\u00a0\u00a0\u00a0\u00a0\u00a0\u00a0\u00a0\u00a0\u00a0\u00a0\u00a0\u00a0\u00a0\u00a0 \u00a0\u00a0 17 septembre 2002 au 18 f\u00e9vrier 2003<br \/>\nSpannaccini Yolande \u00a0\u00a0\u00a0\u00a0\u00a0\u00a0\u00a0\u00a0\u00a0\u00a0\u00a0\u00a0\u00a0\u00a0\u00a0\u00a0\u00a0\u00a0\u00a0\u00a0\u00a0\u00a0\u00a0\u00a0\u00a0\u00a0\u00a0 19 f\u00e9vrier 2003 au 30 juin 2004<br \/>\nPasqua S\u00e9bastien\u00a0\u00a0\u00a0\u00a0\u00a0\u00a0\u00a0\u00a0\u00a0\u00a0\u00a0\u00a0\u00a0\u00a0\u00a0\u00a0\u00a0\u00a0\u00a0\u00a0\u00a0\u00a0\u00a0\u00a0\u00a0\u00a0\u00a0\u00a0\u00a0\u00a0\u00a0\u00a0\u00a0\u00a0 1er juillet 2004 au 30 juin 2006<br \/>\nSpannaccini Yolande\u00a0\u00a0\u00a0\u00a0\u00a0\u00a0\u00a0\u00a0\u00a0\u00a0\u00a0\u00a0\u00a0\u00a0\u00a0\u00a0\u00a0\u00a0\u00a0\u00a0\u00a0\u00a0\u00a0\u00a0\u00a0\u00a0 \u00a0 1er juillet 2006 au 30 juin 2008<br \/>\nHanssens Olivier \u00a0\u00a0\u00a0\u00a0\u00a0\u00a0\u00a0\u00a0\u00a0\u00a0\u00a0\u00a0\u00a0\u00a0\u00a0\u00a0\u00a0\u00a0\u00a0\u00a0\u00a0\u00a0\u00a0\u00a0\u00a0\u00a0\u00a0\u00a0\u00a0\u00a0\u00a0\u00a0\u00a0 \u00a0 1er juillet 2008 au 30 juin 2012<br \/>\nMarois Jean-Pierre \u00a0\u00a0\u00a0\u00a0\u00a0\u00a0\u00a0\u00a0\u00a0\u00a0\u00a0\u00a0\u00a0\u00a0\u00a0\u00a0\u00a0\u00a0\u00a0\u00a0\u00a0\u00a0\u00a0\u00a0\u00a0\u00a0\u00a0\u00a0\u00a0\u00a0\u00a0 1er juillet 2012 au 30 juin 2014<br \/>\nNguyen Pierre \u00a0\u00a0\u00a0\u00a0\u00a0\u00a0\u00a0\u00a0\u00a0\u00a0\u00a0\u00a0\u00a0\u00a0\u00a0\u00a0\u00a0\u00a0\u00a0\u00a0\u00a0\u00a0\u00a0\u00a0\u00a0\u00a0\u00a0\u00a0\u00a0\u00a0\u00a0\u00a0\u00a0\u00a0\u00a0\u00a0\u00a0\u00a0\u00a0\u00a0 1er juillet 2014 \u00e0 30 juin 2015<br \/>\nLu \u00a0Tong-Yen \u00a0 \u00a0 \u00a0 \u00a0 \u00a0 \u00a0 \u00a0 \u00a0 \u00a0 \u00a0 \u00a0 \u00a0 \u00a0 \u00a0 \u00a0 \u00a0 \u00a0 \u00a0 \u00a0 \u00a0 \u00a0 \u00a0 \u00a0 1er juillet 2015 \u00e0 aujourd&#8217;hui<\/p>\n","protected":false},"excerpt":{"rendered":"<p>Fin avril 1983 Jean-Pierre Marois d\u00e9couvrait dans une pi\u00e8ce de la salle polyvalente (salle Maurice Koehl aujourd\u2019hui) 2 tables de ping-pong enfouies sous des cartons et des cageots \u2013 Apr\u00e8s s\u2019\u00eatre assur\u00e9 du bon \u00e9tat de ces tables, il demandait \u00e0 la Mairie la possibilit\u00e9 de les utiliser les mardi et jeudi de 20h30 \u00e0 &hellip; <a href=\"https:\/\/www.cttbsg.domosite.fr\/index.php\/le-club\/histoire\/\" class=\"more-link\">Continue reading <span class=\"screen-reader-text\">Histoire<\/span> <span class=\"meta-nav\">&rarr;<\/span><\/a><\/p>\n","protected":false},"author":1,"featured_media":0,"parent":10,"menu_order":0,"comment_status":"closed","ping_status":"closed","template":"","meta":{"footnotes":""},"class_list":["post-12","page","type-page","status-publish","hentry"],"_links":{"self":[{"href":"https:\/\/www.cttbsg.domosite.fr\/index.php\/wp-json\/wp\/v2\/pages\/12","targetHints":{"allow":["GET"]}}],"collection":[{"href":"https:\/\/www.cttbsg.domosite.fr\/index.php\/wp-json\/wp\/v2\/pages"}],"about":[{"href":"https:\/\/www.cttbsg.domosite.fr\/index.php\/wp-json\/wp\/v2\/types\/page"}],"author":[{"embeddable":true,"href":"https:\/\/www.cttbsg.domosite.fr\/index.php\/wp-json\/wp\/v2\/users\/1"}],"replies":[{"embeddable":true,"href":"https:\/\/www.cttbsg.domosite.fr\/index.php\/wp-json\/wp\/v2\/comments?post=12"}],"version-history":[{"count":1,"href":"https:\/\/www.cttbsg.domosite.fr\/index.php\/wp-json\/wp\/v2\/pages\/12\/revisions"}],"predecessor-version":[{"id":691,"href":"https:\/\/www.cttbsg.domosite.fr\/index.php\/wp-json\/wp\/v2\/pages\/12\/revisions\/691"}],"up":[{"embeddable":true,"href":"https:\/\/www.cttbsg.domosite.fr\/index.php\/wp-json\/wp\/v2\/pages\/10"}],"wp:attachment":[{"href":"https:\/\/www.cttbsg.domosite.fr\/index.php\/wp-json\/wp\/v2\/media?parent=12"}],"curies":[{"name":"wp","href":"https:\/\/api.w.org\/{rel}","templated":true}]}}