{"id":14,"date":"2014-07-13T03:25:38","date_gmt":"2014-07-13T02:25:38","guid":{"rendered":"http:\/\/cttbussy.free.fr\/?page_id=14"},"modified":"2022-06-27T23:10:17","modified_gmt":"2022-06-27T21:10:17","slug":"inscription","status":"publish","type":"page","link":"https:\/\/www.cttbsg.domosite.fr\/index.php\/infos-pratiques\/inscription\/","title":{"rendered":"Inscription"},"content":{"rendered":"<p>La\u00a0<span style=\"text-decoration: underline;\"><strong><a href=\"http:\/\/www.cttbsg.domosite.fr\/wp-content\/uploads\/2020\/09\/Feuille-dinscription-CTT-2020-2021.docx\">Feuille d\u2019inscription CTT 2020-2021<\/a>\u00a0<\/strong><\/span><span style=\"color: #000000;\">et le bordereau de demande de licence sont \u00e0 remplir et \u00e0 signer pour chaque inscription<\/span>. Le\u00a0<span style=\"text-decoration: underline;\"><strong><a href=\"http:\/\/www.cttbsg.domosite.fr\/wp-content\/uploads\/2022\/06\/22-2-bordereau-de-demande-licence-1.pdf\" target=\"_blank\" rel=\"noopener\">Bordereau de demande de licence 2022-2023<\/a><\/strong><\/span> permet de vous aider \u00e0 trouver la bonne option en fonction de votre \u00e2ge, de votre souhait de faire de la comp\u00e9tition ou non en FFTT et\/ou UFOLEP.<\/p>\n<p>Les dossiers incomplets ne seront pas accept\u00e9s.<br \/>\n<!-- Il faut remplir un <a href=\"http:\/\/www.cttbsg.domosite.fr\/wp-content\/uploads\/2019\/06\/19-2-licence1.pdf\" target=\"_blank\" rel=\"noopener\">Bordereau de demande licence FFTT 2019-2020<\/a> (document &agrave; imprimer, remplir au recto et signer au verso). --><\/p>\n","protected":false},"excerpt":{"rendered":"<p>La\u00a0Feuille d\u2019inscription CTT 2020-2021\u00a0et le bordereau de demande de licence sont \u00e0 remplir et \u00e0 signer pour chaque inscription. Le\u00a0Bordereau de demande de licence 2022-2023 permet de vous aider \u00e0 trouver la bonne option en fonction de votre \u00e2ge, de votre souhait de faire de la comp\u00e9tition ou non en FFTT et\/ou UFOLEP. Les dossiers &hellip; <a href=\"https:\/\/www.cttbsg.domosite.fr\/index.php\/infos-pratiques\/inscription\/\" class=\"more-link\">Continue reading <span class=\"screen-reader-text\">Inscription<\/span> <span class=\"meta-nav\">&rarr;<\/span><\/a><\/p>\n","protected":false},"author":1,"featured_media":0,"parent":26,"menu_order":2,"comment_status":"closed","ping_status":"closed","template":"","meta":{"footnotes":""},"class_list":["post-14","page","type-page","status-publish","hentry"],"_links":{"self":[{"href":"https:\/\/www.cttbsg.domosite.fr\/index.php\/wp-json\/wp\/v2\/pages\/14","targetHints":{"allow":["GET"]}}],"collection":[{"href":"https:\/\/www.cttbsg.domosite.fr\/index.php\/wp-json\/wp\/v2\/pages"}],"about":[{"href":"https:\/\/www.cttbsg.domosite.fr\/index.php\/wp-json\/wp\/v2\/types\/page"}],"author":[{"embeddable":true,"href":"https:\/\/www.cttbsg.domosite.fr\/index.php\/wp-json\/wp\/v2\/users\/1"}],"replies":[{"embeddable":true,"href":"https:\/\/www.cttbsg.domosite.fr\/index.php\/wp-json\/wp\/v2\/comments?post=14"}],"version-history":[{"count":3,"href":"https:\/\/www.cttbsg.domosite.fr\/index.php\/wp-json\/wp\/v2\/pages\/14\/revisions"}],"predecessor-version":[{"id":699,"href":"https:\/\/www.cttbsg.domosite.fr\/index.php\/wp-json\/wp\/v2\/pages\/14\/revisions\/699"}],"up":[{"embeddable":true,"href":"https:\/\/www.cttbsg.domosite.fr\/index.php\/wp-json\/wp\/v2\/pages\/26"}],"wp:attachment":[{"href":"https:\/\/www.cttbsg.domosite.fr\/index.php\/wp-json\/wp\/v2\/media?parent=14"}],"curies":[{"name":"wp","href":"https:\/\/api.w.org\/{rel}","templated":true}]}}