{"id":22,"date":"2014-07-13T03:27:38","date_gmt":"2014-07-13T02:27:38","guid":{"rendered":"http:\/\/cttbussy.free.fr\/?page_id=22"},"modified":"2014-07-13T03:27:38","modified_gmt":"2014-07-13T02:27:38","slug":"championnat-departemental-fftt","status":"publish","type":"page","link":"https:\/\/www.cttbsg.domosite.fr\/index.php\/championnat-departemental-fftt\/","title":{"rendered":"Championnat d\u00e9partemental &#8211; FFTT"},"content":{"rendered":"<p>\u00c9quipes engag\u00e9es :<br \/>\nBUSSY 1 : PRA &#8211; Poule B<\/p>\n<p><iframe loading=\"lazy\" src=\"http:\/\/www.fftt.com\/sportif\/chpt_equipe\/chp_div.php?organisme_pere=77&#038;cx_poule=698533&#038;D1=31664&#038;virtuel=0\" height=\"350\" width=\"800\"><\/iframe><\/p>\n<p>BUSSY 2 : PRB &#8211; Poule A<\/p>\n<p><iframe loading=\"lazy\" src=\"http:\/\/www.fftt.com\/sportif\/chpt_equipe\/chp_div.php?organisme_pere=77&#038;cx_poule=698535&#038;D1=31665&#038;virtuel=0\" height=\"350\" width=\"800\"><\/iframe><\/p>\n<p>BUSSY 3 : Division 1 &#8211; Poule F<\/p>\n<p><iframe loading=\"lazy\" src=\"http:\/\/www.fftt.com\/sportif\/chpt_equipe\/chp_div.php?organisme_pere=77&#038;cx_poule=11609&#038;D1=4292&#038;virtuel=0\" height=\"350\" width=\"800\"><\/iframe><\/p>\n","protected":false},"excerpt":{"rendered":"<p>\u00c9quipes engag\u00e9es : BUSSY 1 : PRA &#8211; Poule B BUSSY 2 : PRB &#8211; Poule A BUSSY 3 : Division 1 &#8211; Poule F<\/p>\n","protected":false},"author":1,"featured_media":0,"parent":0,"menu_order":2,"comment_status":"closed","ping_status":"closed","template":"","meta":{"footnotes":""},"class_list":["post-22","page","type-page","status-publish","hentry"],"_links":{"self":[{"href":"https:\/\/www.cttbsg.domosite.fr\/index.php\/wp-json\/wp\/v2\/pages\/22","targetHints":{"allow":["GET"]}}],"collection":[{"href":"https:\/\/www.cttbsg.domosite.fr\/index.php\/wp-json\/wp\/v2\/pages"}],"about":[{"href":"https:\/\/www.cttbsg.domosite.fr\/index.php\/wp-json\/wp\/v2\/types\/page"}],"author":[{"embeddable":true,"href":"https:\/\/www.cttbsg.domosite.fr\/index.php\/wp-json\/wp\/v2\/users\/1"}],"replies":[{"embeddable":true,"href":"https:\/\/www.cttbsg.domosite.fr\/index.php\/wp-json\/wp\/v2\/comments?post=22"}],"version-history":[{"count":0,"href":"https:\/\/www.cttbsg.domosite.fr\/index.php\/wp-json\/wp\/v2\/pages\/22\/revisions"}],"wp:attachment":[{"href":"https:\/\/www.cttbsg.domosite.fr\/index.php\/wp-json\/wp\/v2\/media?parent=22"}],"curies":[{"name":"wp","href":"https:\/\/api.w.org\/{rel}","templated":true}]}}