{"id":229,"date":"2016-08-08T22:00:51","date_gmt":"2016-08-08T21:00:51","guid":{"rendered":"http:\/\/cttbussy.free.fr\/?page_id=229"},"modified":"2016-08-08T22:00:51","modified_gmt":"2016-08-08T21:00:51","slug":"2015-2016","status":"publish","type":"page","link":"https:\/\/www.cttbsg.domosite.fr\/index.php\/archives\/2015-2016\/","title":{"rendered":"2015-2016"},"content":{"rendered":"<div>\n<strong>DIMANCHE 05 JUIN 2016<\/strong><br \/>\nC&#8217;est LE dernier rendez-vous de la saison pour Bussy Ping ! Buxangeorgiens et autres, le club vous invite \u00e0 f\u00eater cette fin d&#8217;ann\u00e9e dans une ambiance festive et comp\u00e9titive.<br \/>\nFormule du tournoi: Tableau SIMPLE et Tableau DOUBLE avec consolante !<br \/>\nC&#8217;est l&#8217;occasion parfaite pour se d\u00e9tendre en famille ou entre amis raquette en mains. Plusieurs troph\u00e9s et surprises seront remis \u00e0 la fin de la journ\u00e9e.<br \/>\n<strong>GRATUIT ET OUVERT \u00c0 TOUS<\/strong>, petits comme les grands, n&#8217;h\u00e9sitez pas et inscrivez vous sur place avant 9h30 ou pr\u00e9alablement aux adresses suivantes:<br \/>\n<a href=\"mailto:cttbussy@gmail.com\">cttbussy@gmail.com<\/a> ou <a href=\"mailto:murailledechine1985@hotmail.com\">murailledechine1985@hotmail.com<\/a><br \/>\n[Informations compl\u00e9mentaire: cf. Affiche]<\/p>\n<p><a href=\"http:\/\/www.cttbsg.domosite.fr\/wp-content\/uploads\/2016\/05\/patrick_cheroux_2016.jpg\"><img loading=\"lazy\" decoding=\"async\" src=\"http:\/\/www.cttbsg.domosite.fr\/wp-content\/uploads\/2016\/05\/patrick_cheroux_2016.jpg\" alt=\"Tournoi Patrick Cheroux 2016\" width=\"279\" height=\"395\" class=\"aligncenter size-full wp-image-225\" srcset=\"https:\/\/www.cttbsg.domosite.fr\/wp-content\/uploads\/2016\/05\/patrick_cheroux_2016.jpg 279w, https:\/\/www.cttbsg.domosite.fr\/wp-content\/uploads\/2016\/05\/patrick_cheroux_2016-212x300.jpg 212w\" sizes=\"auto, (max-width: 279px) 100vw, 279px\" \/><\/a>\n<\/div>\n<hr\/>\n<div>\n<p>\n<strong>SAMEDI 21 MAI 2016<\/strong>, le club sera pr\u00e9sent \u00e0 la 1\u00e8re \u00e9dition de la &#8220;Faites du Sport&#8221; organis\u00e9e par la ville de Bussy-Saint-Georges.<br \/>\nAu programme de cette belle journ\u00e9e: initiation au ping, d\u00e9couverte et d\u00e9monstrations du Tennis de Table de haut niveau avec la participation de Christophe Legout et<br \/>\nLaurent Xayasane !<br \/>\n<br \/>\n<strong style=\"color: red; text-align: center;\">(Tenue de sport vivement conseill\u00e9e)<\/strong><\/p>\n<p><a href=\"http:\/\/www.cttbsg.domosite.fr\/wp-content\/uploads\/2016\/05\/faites_du_sport_CTTBUSSY_2016.jpg\"><img loading=\"lazy\" decoding=\"async\" src=\"http:\/\/www.cttbsg.domosite.fr\/wp-content\/uploads\/2016\/05\/faites_du_sport_CTTBUSSY_2016.jpg\" alt=\"faites_du_sport_CTTBUSSY_2016\" width=\"300\" height=\"300\" class=\"aligncenter size-full wp-image-211\" \/><\/a><\/p>\n<p>Adresse:<br \/>\nComplexe Sportif Laura Flessel<br \/>\n15 Boulevard des Cents Arpents<br \/>\n77600 Bussy-Saint-Georges<\/p>\n<p>[wpgmza id=&#8221;1&#8243;]<\/p>\n<p>Plus d&#8217;informations concernant l&#8217;&eacute;v&eacute;venement <a href=\"http:\/\/www.bussysaintgeorges.fr\/evenement\/faites-du-sport-dans-notre-nouveau-complexe-sportif-laura-flessel\/\" target=\"_blank\" rel=\"noopener\">ici<\/a>\n<\/p>\n<\/div>\n<p><\/p>\n","protected":false},"excerpt":{"rendered":"<p>DIMANCHE 05 JUIN 2016 C&#8217;est LE dernier rendez-vous de la saison pour Bussy Ping ! Buxangeorgiens et autres, le club vous invite \u00e0 f\u00eater cette fin d&#8217;ann\u00e9e dans une ambiance festive et comp\u00e9titive. Formule du tournoi: Tableau SIMPLE et Tableau DOUBLE avec consolante ! C&#8217;est l&#8217;occasion parfaite pour se d\u00e9tendre en famille ou entre amis &hellip; <a href=\"https:\/\/www.cttbsg.domosite.fr\/index.php\/archives\/2015-2016\/\" class=\"more-link\">Continue reading <span class=\"screen-reader-text\">2015-2016<\/span> <span class=\"meta-nav\">&rarr;<\/span><\/a><\/p>\n","protected":false},"author":1,"featured_media":0,"parent":227,"menu_order":1,"comment_status":"closed","ping_status":"closed","template":"","meta":{"footnotes":""},"class_list":["post-229","page","type-page","status-publish","hentry"],"_links":{"self":[{"href":"https:\/\/www.cttbsg.domosite.fr\/index.php\/wp-json\/wp\/v2\/pages\/229","targetHints":{"allow":["GET"]}}],"collection":[{"href":"https:\/\/www.cttbsg.domosite.fr\/index.php\/wp-json\/wp\/v2\/pages"}],"about":[{"href":"https:\/\/www.cttbsg.domosite.fr\/index.php\/wp-json\/wp\/v2\/types\/page"}],"author":[{"embeddable":true,"href":"https:\/\/www.cttbsg.domosite.fr\/index.php\/wp-json\/wp\/v2\/users\/1"}],"replies":[{"embeddable":true,"href":"https:\/\/www.cttbsg.domosite.fr\/index.php\/wp-json\/wp\/v2\/comments?post=229"}],"version-history":[{"count":0,"href":"https:\/\/www.cttbsg.domosite.fr\/index.php\/wp-json\/wp\/v2\/pages\/229\/revisions"}],"up":[{"embeddable":true,"href":"https:\/\/www.cttbsg.domosite.fr\/index.php\/wp-json\/wp\/v2\/pages\/227"}],"wp:attachment":[{"href":"https:\/\/www.cttbsg.domosite.fr\/index.php\/wp-json\/wp\/v2\/media?parent=229"}],"curies":[{"name":"wp","href":"https:\/\/api.w.org\/{rel}","templated":true}]}}