{"id":254,"date":"2016-08-08T22:27:14","date_gmt":"2016-08-08T21:27:14","guid":{"rendered":"http:\/\/cttbussy.free.fr\/?page_id=254"},"modified":"2016-08-08T22:27:14","modified_gmt":"2016-08-08T21:27:14","slug":"2014-2015","status":"publish","type":"page","link":"https:\/\/www.cttbsg.domosite.fr\/index.php\/archives\/2014-2015\/","title":{"rendered":"2014-2015"},"content":{"rendered":"<p>Saison 2014\/2015<\/p>\n<p>UFOLEP :<\/p>\n<p>Dominique et Pierre-Eric finissent deuxi\u00e8me des coupes d\u00e9partementales mixtes. Une belle r\u00e9ussite avec une \u00e9quipe adverse compos\u00e9 d&#8217;un 1548 et d&#8217;une 866. Bravo \u00e0 eux deux !<\/p>\n<p><img decoding=\"async\" src=\"http:\/\/www.cttbsg.domosite.fr\/wp-content\/uploads\/2015\/08\/ufolep_coupe_dep_14-151.jpg\" alt=\"ufolep_coupe_dep_14-15\"\/><\/a><\/p>\n","protected":false},"excerpt":{"rendered":"<p>Saison 2014\/2015 UFOLEP : Dominique et Pierre-Eric finissent deuxi\u00e8me des coupes d\u00e9partementales mixtes. Une belle r\u00e9ussite avec une \u00e9quipe adverse compos\u00e9 d&#8217;un 1548 et d&#8217;une 866. Bravo \u00e0 eux deux !<\/p>\n","protected":false},"author":1,"featured_media":0,"parent":227,"menu_order":2,"comment_status":"closed","ping_status":"closed","template":"","meta":{"footnotes":""},"class_list":["post-254","page","type-page","status-publish","hentry"],"_links":{"self":[{"href":"https:\/\/www.cttbsg.domosite.fr\/index.php\/wp-json\/wp\/v2\/pages\/254","targetHints":{"allow":["GET"]}}],"collection":[{"href":"https:\/\/www.cttbsg.domosite.fr\/index.php\/wp-json\/wp\/v2\/pages"}],"about":[{"href":"https:\/\/www.cttbsg.domosite.fr\/index.php\/wp-json\/wp\/v2\/types\/page"}],"author":[{"embeddable":true,"href":"https:\/\/www.cttbsg.domosite.fr\/index.php\/wp-json\/wp\/v2\/users\/1"}],"replies":[{"embeddable":true,"href":"https:\/\/www.cttbsg.domosite.fr\/index.php\/wp-json\/wp\/v2\/comments?post=254"}],"version-history":[{"count":0,"href":"https:\/\/www.cttbsg.domosite.fr\/index.php\/wp-json\/wp\/v2\/pages\/254\/revisions"}],"up":[{"embeddable":true,"href":"https:\/\/www.cttbsg.domosite.fr\/index.php\/wp-json\/wp\/v2\/pages\/227"}],"wp:attachment":[{"href":"https:\/\/www.cttbsg.domosite.fr\/index.php\/wp-json\/wp\/v2\/media?parent=254"}],"curies":[{"name":"wp","href":"https:\/\/api.w.org\/{rel}","templated":true}]}}