{"id":399,"date":"2017-08-19T21:54:02","date_gmt":"2017-08-19T20:54:02","guid":{"rendered":"http:\/\/cttbussy.free.fr\/?page_id=399"},"modified":"2017-08-19T21:54:02","modified_gmt":"2017-08-19T20:54:02","slug":"2016-2017","status":"publish","type":"page","link":"https:\/\/www.cttbsg.domosite.fr\/index.php\/archives\/2016-2017\/","title":{"rendered":"2016-2017"},"content":{"rendered":"<p><strong style=\"color: red; text-align: center;\">Cr&eacute;neaux vacances scolaire Avril 2017<\/strong><\/p>\n<p>Pendant les prochaines vacances scolaires, vous pourrez taper la balle lors des cr&eacute;neaux suivants :<\/p>\n<ul>\n<li>Mardi 04\/04 de 20h00 \u00e0 22h00<\/li>\n<li>Jeudi 06\/04 de 20h00 \u00e0  22h00<\/li>\n<li>Vendredi 07\/04 de 20h00 \u00e0 22h00<\/li>\n<li>Mardi 11\/04 de 20h00 \u00e0 22h00<\/li>\n<li>Jeudi 13\/04 de 20h00 \u00e0  22h00<\/li>\n<li>Vendredi 14\/04 de 20h00 \u00e0  22h00<\/li>\n<\/ul>\n<hr\/>\n<p><strong style=\"color: red; text-align: center;\">Championnat FFTT &#8211; journ\u00e9e 3<\/strong><br \/>\n<a href=\"http:\/\/www.cttbsg.domosite.fr\/wp-content\/uploads\/2017\/02\/fftt2016-2017_journee3_cttbussy.jpg\"><img loading=\"lazy\" decoding=\"async\" src=\"http:\/\/www.cttbsg.domosite.fr\/wp-content\/uploads\/2017\/02\/fftt2016-2017_journee3_cttbussy.jpg\" alt=\"FFTT 2017 - Journ\u00e9e 3\" width=\"653\" height=\"960\" class=\"aligncenter size-full wp-image-359\" srcset=\"https:\/\/www.cttbsg.domosite.fr\/wp-content\/uploads\/2017\/02\/fftt2016-2017_journee3_cttbussy.jpg 653w, https:\/\/www.cttbsg.domosite.fr\/wp-content\/uploads\/2017\/02\/fftt2016-2017_journee3_cttbussy-204x300.jpg 204w\" sizes=\"auto, (max-width: 653px) 100vw, 653px\" \/><\/a><\/p>\n<p>Apr\u00e8s une pause bien m&eacute;rit&eacute;e, c&#8217;est le retour au Championnat :<\/p>\n<ul>\n<li>[R3] L&#8217;Equipe 1 se d&eacute;placera \u00e0 Meaux et tentera de remporter sa premi&egrave;re victoire;<\/li>\n<li>[Pr.B] L&#8217;Equipe 2 recevra Pomponne, une rencontre pi&grave;ge avant le choc contre Vaires dans quelques semaines;<\/li>\n<li>[D1] L&#8217;Equipe 3 jouera &eacute;galement &agrave; la maison contre Villenoy, concurrent direct pour le maintien;<\/li>\n<\/ul>\n<p>\nBon courage aux artistes !<\/p>\n<hr\/>\n<p><strong style=\"color: red; text-align: center;\">Tournoi F\u00e9minin FFTT\/UFOLEP &#8211; 26\/03\/2017<\/strong><\/p>\n<p><a href=\"http:\/\/www.cttbsg.domosite.fr\/wp-content\/uploads\/2017\/02\/Affiche-tournoi-feminin-Tennis-de-Table.png\"><img loading=\"lazy\" decoding=\"async\" src=\"http:\/\/www.cttbsg.domosite.fr\/wp-content\/uploads\/2017\/02\/Affiche-tournoi-feminin-Tennis-de-Table.png\" alt=\"Affiche tournoi feminin Tennis de Table\" width=\"459\" height=\"651\" class=\"aligncenter size-full wp-image-355\" srcset=\"https:\/\/www.cttbsg.domosite.fr\/wp-content\/uploads\/2017\/02\/Affiche-tournoi-feminin-Tennis-de-Table.png 459w, https:\/\/www.cttbsg.domosite.fr\/wp-content\/uploads\/2017\/02\/Affiche-tournoi-feminin-Tennis-de-Table-212x300.png 212w\" sizes=\"auto, (max-width: 459px) 100vw, 459px\" \/><\/a><br \/>\n<\/p>\n<p>Fiche d&#8217;inscription disponible <a href=\"http:\/\/www.cttbsg.domosite.fr\/wp-content\/uploads\/2017\/02\/TOURNOI-FFTT-UFOLEP.xls\" target=\"_blank\" rel=\"noopener\">ici<\/a><\/p>\n<hr\/>\n<p><strong style=\"color: red; text-align: center;\">Aur&eacute;lien est champion d&eacute;partemental UFOLEP Benjamin<\/strong><\/p>\n<p>Un grand bravo \u00e0 Aur&eacute;lien, sacr&eacute; dimanche 15 janvier Champion D&eacute;partemental Ufolep en cat&eacute;gorie &#8220;Benjamin&#8221; Simple ET Double !<br \/>\nIl est donc qualifi&eacute; pour les R&eacute;gionaux Ufolep d&#8217;Ile-de-France qui auront lieu le dimanche 05 mars &agrave; Morigny Champigny.<br \/>\nLa rel&eacute;ve est assur&eacute;e ! Tchol&eacute; !!!<\/p>\n<p><a href=\"http:\/\/www.cttbsg.domosite.fr\/wp-content\/uploads\/2017\/01\/aurelien_champion_ufolep.png\"><img loading=\"lazy\" decoding=\"async\" src=\"http:\/\/www.cttbsg.domosite.fr\/wp-content\/uploads\/2017\/01\/aurelien_champion_ufolep.png\" alt=\"aurelien_champion_ufolep\" width=\"404\" height=\"722\" class=\"aligncenter size-full wp-image-351\" srcset=\"https:\/\/www.cttbsg.domosite.fr\/wp-content\/uploads\/2017\/01\/aurelien_champion_ufolep.png 404w, https:\/\/www.cttbsg.domosite.fr\/wp-content\/uploads\/2017\/01\/aurelien_champion_ufolep-168x300.png 168w\" sizes=\"auto, (max-width: 404px) 100vw, 404px\" \/><\/a><\/p>\n<hr\/>\n<p><strong style=\"color: red; text-align: center;\">Cr&eacute;neaux vacances scolaire F&eacute;vrier 2017<\/strong><\/p>\n<p>Pendant les prochaines vacances scolaires, vous pourrez taper la balle lors des cr&eacute;neaux suivants :<\/p>\n<ul>\n<li>Mardi 07\/02 de 20h00 \u00e0 22h00<\/li>\n<li>Jeudi 09\/02 de 20h00 \u00e0  22h00<\/li>\n<li>Vendredi 10\/02 de 18h00 \u00e0 22h00<\/li>\n<li>Mardi 14\/02 de 20h00 \u00e0 22h00<\/li>\n<li>Jeudi 16\/02 de 20h00 \u00e0  22h00<\/li>\n<\/ul>\n<p>Le complexe sera ferm&eacute; le vendredi 17\/02.<\/p>\n<hr\/>\n<p><strong style=\"color: red; text-align: center;\">Fermeture vacances de No\u00ebl<\/strong><\/p>\n<p>Le complexe sportif Laura Flessel est ferm&eacute;e durant les vacances d&#8217;hiver. La reprise des entra\u00eenements sera le 03 janvier 2017. En attendant&#8230; bonne f\u00eates \u00e0 tous !<\/p>\n<hr\/>\n<p><strong style=\"color: red; text-align: center;\">TOURNOI NATIONAL B du Comit&eacute; D&eacute;partemental de Seine-et-Marne<br \/>des 17 et 18 d&eacute;cembre 2016 &agrave; BUSSY-SAINT-GEORGES<\/strong><\/p>\n<p><a href=\"http:\/\/www.cttbsg.domosite.fr\/wp-content\/uploads\/2016\/12\/tournoi-cdtt77-2016.png\"><img loading=\"lazy\" decoding=\"async\" src=\"http:\/\/www.cttbsg.domosite.fr\/wp-content\/uploads\/2016\/12\/tournoi-cdtt77-2016.png\" alt=\"Tournoi du Comit\u00e9 D\u00e9partemental de tennis de table 2016\" width=\"455\" height=\"649\" class=\"aligncenter size-full wp-image-342\" srcset=\"https:\/\/www.cttbsg.domosite.fr\/wp-content\/uploads\/2016\/12\/tournoi-cdtt77-2016.png 455w, https:\/\/www.cttbsg.domosite.fr\/wp-content\/uploads\/2016\/12\/tournoi-cdtt77-2016-210x300.png 210w\" sizes=\"auto, (max-width: 455px) 100vw, 455px\" \/><\/a><\/p>\n<p>Le CTT Bussy-Saint-Georges a le plaisir d&#8217;accueillir le Tournoi National B du Comit&eacute; D&eacute;partemental de Seine-et-Marne les samedi 17 et dimanche 18 d&eacute;cembre 2016, au complexe Laura Flessel !<br \/>\nLe tournoi est ouvert &agrave; tous les licenci&eacute;s FFTT traditionnels.<br \/>\nUne buvette sera tenue par le club.<\/p>\n<p>La fiche d&#8217;inscription se trouve <a href=\"http:\/\/www.cttbsg.domosite.fr\/wp-content\/uploads\/2016\/12\/Feuille-inscription-tournoi-cdtt77-2016.pdf\" target=\"_blank\" rel=\"noopener\">ici<\/a>.<br \/>\nLes inscriptions sont &agrave; faire au plus tard le Jeudi <strong>15 DECEMBRE 2016 \u00e0 18H00<\/strong>.<br \/>\nR&eacute;glement int&eacute;rieur disponible <a href=\"http:\/\/www.cttbsg.domosite.fr\/wp-content\/uploads\/2016\/12\/Reglement-tournoi-cdtt77-2016.pdf\" target=\"_blank\" rel=\"noopener\">ici<\/a>.<br \/>\nPlus d&#8217;informations : <a href=\"http:\/\/www.cdtt77.fr\/\" target=\"_blank\" rel=\"noopener\">http:\/\/www.cdtt77.fr\/<\/a><\/p>\n<hr\/>\n<p><strong style=\"color: red; text-align: center;\">Informations cr&eacute;neaux d&#8217;entra\u00eenement<\/strong><\/p>\n<p>Il n&#8217;y aura pas entrainement ni loisir possible le mardi 6 d&eacute;cembre compte-tenu de la comp&eacute;tition Ufolep d&eacute;partementale qui se d&eacute;roulera chez nous et qui se tiendra sur l&#8217;ensemble des tables et occupera la totalit&eacute; de la salle.<\/p>\n<hr\/>\n<p><strong style=\"color: red; text-align: center;\">Journ\u00e9e 3 &#8211; FFTT<\/strong><\/p>\n<p><a href=\"http:\/\/www.cttbsg.domosite.fr\/wp-content\/uploads\/2016\/10\/Journee_3_FFTT.jpg\"><img loading=\"lazy\" decoding=\"async\" src=\"http:\/\/www.cttbsg.domosite.fr\/wp-content\/uploads\/2016\/10\/Journee_3_FFTT.jpg\" alt=\"Journee_3_FFTT\" width=\"279\" height=\"395\" class=\"aligncenter size-full wp-image-329\" srcset=\"https:\/\/www.cttbsg.domosite.fr\/wp-content\/uploads\/2016\/10\/Journee_3_FFTT.jpg 279w, https:\/\/www.cttbsg.domosite.fr\/wp-content\/uploads\/2016\/10\/Journee_3_FFTT-212x300.jpg 212w\" sizes=\"auto, (max-width: 279px) 100vw, 279px\" \/><\/a><\/p>\n<p>Amis pongistes, vous allez \u00eatre g\u00e2t\u00e9s ce week-end \u00e0 Bussy. En effet, en plus de la traditionnelle rencontre de nos \u00e9quipes du vendredi soir, le club accueillera \u00e9galement la 3\u00e8me journ\u00e9e de National 1 le lendemain, Samedi 15 Octobre \u00e0 17h !!<\/p>\n<p>Au programme donc :<\/p>\n<ul>\n<li>L\u2019\u00e9quipe 1 jouera un match d\u00e9licat contre <strong>Melun<\/strong>, un candidat direct pour le maintien ;<\/li>\n<li>L\u2019\u00e9quipe 2 se d\u00e9placera \u00e0 <strong>Noisiel<\/strong>, le &#8220;classico&#8221; de ces derni\u00e8res ann\u00e9es, tant nos 2 \u00e9quipes se retrouvent chaque saison ;<\/li>\n<li>L\u2019\u00e9quipe 3 recevra <strong>Champs\/Marne<\/strong> et tentera de d\u00e9crocher sa premi\u00e8re victoire de la saison ;<\/li>\n<\/ul>\n<p><strong>[National 1] :<\/strong><br \/>\nBussy Ping accueillera dans ses locaux la 3\u00e8me journ\u00e9e opposant <strong>Pontault UMS TT 1<\/strong> contre <strong>Argentan Bayard 2<\/strong> ! D\u00e9but de la rencontre \u00e0 17h (entr\u00e9e gratuite).<\/p>\n<hr\/>\n<p><strong style=\"color: red; text-align: center;\">Nouveau cr&eacute;neau le dimanche matin<\/strong><\/p>\n<p>Si vous souhaitez taper la balle le dimanche matin &agrave; Bussy, c&#8217;est possible ! Plus d&#8217;informations <a href=\"http:\/\/cttbussy.free.fr\/?page_id=30\">ici<\/a>.<\/p>\n<hr\/>\n<p><strong style=\"color: red; text-align: center;\">La nouvelle saison a repris !<\/strong><\/p>\n<p>C&#8217;est \u00e9galement le d\u00e9part d&#8217;une nouvelle histoire dans notre tout nouveau complexe sportif. Les locaux modernes et mat\u00e9riaux derni\u00e8re g\u00e9n\u00e9ration assureront le confort \u00e0 nos \u00e9quipes pour qu&#8217;ils puissent r\u00e9aliser de nouveaux exploits !<\/p>\n<p><a href=\"http:\/\/www.cttbsg.domosite.fr\/wp-content\/uploads\/2016\/09\/CTTBSG_reprise_1617.jpg\"><img loading=\"lazy\" decoding=\"async\" src=\"http:\/\/www.cttbsg.domosite.fr\/wp-content\/uploads\/2016\/09\/CTTBSG_reprise_1617.jpg\" alt=\"Reprise saison 2016-2017\" width=\"279\" height=\"395\" class=\"aligncenter size-full wp-image-300\" srcset=\"https:\/\/www.cttbsg.domosite.fr\/wp-content\/uploads\/2016\/09\/CTTBSG_reprise_1617.jpg 279w, https:\/\/www.cttbsg.domosite.fr\/wp-content\/uploads\/2016\/09\/CTTBSG_reprise_1617-212x300.jpg 212w\" sizes=\"auto, (max-width: 279px) 100vw, 279px\" \/><\/a><\/p>\n<p>Vous pouvez remplir votre <a href=\"http:\/\/cttbussy.free.fr\/?page_id=14\" target=\"_blank\" rel=\"noopener\">dossier d&#8217;inscription ou de r\u00e9inscription<\/a>. Vous trouverez le r\u00e8glement int\u00e9rieur et les horaires \u00e0 cette <a href=\"http:\/\/cttbussy.free.fr\/?page_id=30\" target=\"_blank\" rel=\"noopener\">page<\/a>.<\/p>\n<p>Vous pourrez d\u00e9poser votre dossier <strong>complet<\/strong> aux horaires indiqu\u00e9es <a href=\"http:\/\/cttbussy.free.fr\/wp-content\/uploads\/Horaires_CTTBSG_2015-2016.pdf\" target=\"_blank\" rel=\"noopener\">ici<\/a> d&egrave;s la reprise, d&eacute;but septembre.<\/p>\n<hr\/>\n<p><strong style=\"color: red; text-align: center;\">Nouveau gymnase<\/strong><br \/>\nLe Club a d\u00e9m\u00e9nag\u00e9 au nouveau gymnase, se situant \u00e0 l&#8217;adresse suivante :<br \/>\nComplexe Sportif Laura Flessel<br \/>\n15 Boulevard des Cents Arpents<br \/>\n77600 Bussy-Saint-Georges<\/p>\n<hr\/>\n<p><strong style=\"color: red; text-align: center;\">Changement de balles !<\/strong><br \/>\nLe club d\u00e9cide de passer aux balles plastiques qui deviennent obligatoires pour les niveaux Nationaux, R\u00e9gionaux et D\u00e9partemental (PRA), avec le choix pour les Divisions \u2018inf\u00e9rieures\u2019.<br \/>\nPour la coh\u00e9rence, le club \u00e0 inform\u00e9 le Comit\u00e9 D\u00e9partemental que toutes les \u00e9quipes joueront avec des balles plastiques la saison prochaine.<\/p>\n<p>Nous profitons \u00e9galement du changement de balle pour en changer officiellement leur gestion au sein du club:<\/p>\n<ul>\n<li>plus de balle accessibles pour les entra\u00eenements loisirs dans les armoires<\/li>\n<li>les balles sont conserv\u00e9es par les entra\u00eeneurs pour leur entrainement<\/li>\n<li>les balles de comp\u00e9tition sont g\u00e9r\u00e9es par les responsables des sections aupr\u00e8s des capitaines<\/li>\n<\/ul>\n","protected":false},"excerpt":{"rendered":"<p>Cr&eacute;neaux vacances scolaire Avril 2017 Pendant les prochaines vacances scolaires, vous pourrez taper la balle lors des cr&eacute;neaux suivants : Mardi 04\/04 de 20h00 \u00e0 22h00 Jeudi 06\/04 de 20h00 \u00e0 22h00 Vendredi 07\/04 de 20h00 \u00e0 22h00 Mardi 11\/04 de 20h00 \u00e0 22h00 Jeudi 13\/04 de 20h00 \u00e0 22h00 Vendredi 14\/04 de 20h00 \u00e0 &hellip; <a href=\"https:\/\/www.cttbsg.domosite.fr\/index.php\/archives\/2016-2017\/\" class=\"more-link\">Continue reading <span class=\"screen-reader-text\">2016-2017<\/span> <span class=\"meta-nav\">&rarr;<\/span><\/a><\/p>\n","protected":false},"author":1,"featured_media":0,"parent":227,"menu_order":0,"comment_status":"open","ping_status":"open","template":"","meta":{"footnotes":""},"class_list":["post-399","page","type-page","status-publish","hentry"],"_links":{"self":[{"href":"https:\/\/www.cttbsg.domosite.fr\/index.php\/wp-json\/wp\/v2\/pages\/399","targetHints":{"allow":["GET"]}}],"collection":[{"href":"https:\/\/www.cttbsg.domosite.fr\/index.php\/wp-json\/wp\/v2\/pages"}],"about":[{"href":"https:\/\/www.cttbsg.domosite.fr\/index.php\/wp-json\/wp\/v2\/types\/page"}],"author":[{"embeddable":true,"href":"https:\/\/www.cttbsg.domosite.fr\/index.php\/wp-json\/wp\/v2\/users\/1"}],"replies":[{"embeddable":true,"href":"https:\/\/www.cttbsg.domosite.fr\/index.php\/wp-json\/wp\/v2\/comments?post=399"}],"version-history":[{"count":0,"href":"https:\/\/www.cttbsg.domosite.fr\/index.php\/wp-json\/wp\/v2\/pages\/399\/revisions"}],"up":[{"embeddable":true,"href":"https:\/\/www.cttbsg.domosite.fr\/index.php\/wp-json\/wp\/v2\/pages\/227"}],"wp:attachment":[{"href":"https:\/\/www.cttbsg.domosite.fr\/index.php\/wp-json\/wp\/v2\/media?parent=399"}],"curies":[{"name":"wp","href":"https:\/\/api.w.org\/{rel}","templated":true}]}}