{"id":634,"date":"2014-07-13T03:21:45","date_gmt":"2014-07-13T02:21:45","guid":{"rendered":"http:\/\/cttbussy.free.fr\/?page_id=8"},"modified":"2022-06-25T22:43:20","modified_gmt":"2022-06-25T20:43:20","slug":"accueil","status":"publish","type":"page","link":"https:\/\/www.cttbsg.domosite.fr\/","title":{"rendered":""},"content":{"rendered":"<h6><a href=\"http:\/\/www.cttbsg.domosite.fr\/wp-content\/uploads\/2020\/08\/Equipe-feminie-Lognes-Bussy2.png\"><img loading=\"lazy\" decoding=\"async\" class=\"alignnone size-medium wp-image-586\" src=\"http:\/\/www.cttbsg.domosite.fr\/wp-content\/uploads\/2020\/08\/Equipe-feminie-Lognes-Bussy2.png\" alt=\"Equipe feminie Lognes Bussy\" width=\"1\" height=\"1\" srcset=\"https:\/\/www.cttbsg.domosite.fr\/wp-content\/uploads\/2020\/08\/Equipe-feminie-Lognes-Bussy2.png 1414w, https:\/\/www.cttbsg.domosite.fr\/wp-content\/uploads\/2020\/08\/Equipe-feminie-Lognes-Bussy2-212x300.png 212w, https:\/\/www.cttbsg.domosite.fr\/wp-content\/uploads\/2020\/08\/Equipe-feminie-Lognes-Bussy2-724x1024.png 724w, https:\/\/www.cttbsg.domosite.fr\/wp-content\/uploads\/2020\/08\/Equipe-feminie-Lognes-Bussy2-150x150.png 150w, https:\/\/www.cttbsg.domosite.fr\/wp-content\/uploads\/2020\/08\/Equipe-feminie-Lognes-Bussy2-768x1086.png 768w, https:\/\/www.cttbsg.domosite.fr\/wp-content\/uploads\/2020\/08\/Equipe-feminie-Lognes-Bussy2-1086x1536.png 1086w\" sizes=\"auto, (max-width: 1px) 100vw, 1px\" \/><\/a>Bienvenue sur le site du Club de Tennis de Table de Bussy-Saint-Georges !<\/h6>\n<p>Bonjour, Pongiste du club du CTT BSG,<\/p>\n<p>Suite \u00e0 l&#8217;Assembl\u00e9e g\u00e9n\u00e9rale du 17 juin 2022, le nouveau bureau a \u00e9t\u00e9 \u00e9lu :<strong> Pr\u00e9sident Jean BOISSERON, secr\u00e9taire Elaine MONNIER et tr\u00e9sorier Dorassy CHOU.<\/strong><br \/>\nPour 2022-2023, de nouveaux projets seront propos\u00e9s notamment des entrainements, les inscriptions et des animations diverses..<\/p>\n<table style=\"height: 319px;\" width=\"693\">\n<tbody>\n<tr>\n<td style=\"text-align: center;\" colspan=\"3\" width=\"779\"><span style=\"color: #3366ff;\"><strong>CRENEAUX HORAIRES GYMNASE LAURA FLESSEL&nbsp;<\/strong><\/span><\/td>\n<\/tr>\n<tr>\n<td rowspan=\"2\" width=\"94\">Mardi<\/td>\n<td width=\"142\">18h30\/20h30<\/td>\n<td width=\"543\">Entra\u00eenement jeunes comp\u00e9titeurs (1h30) + loisir adultes<\/td>\n<\/tr>\n<tr>\n<td width=\"142\">20h30\/22h30<\/td>\n<td width=\"543\">Comp\u00e9tition Ufolep + Entra\u00eenement adultes (1h30) + loisir adultes<\/td>\n<\/tr>\n<tr>\n<td rowspan=\"2\" width=\"94\">Mercredi<\/td>\n<td width=\"142\">17h00\/18h15<\/td>\n<td width=\"543\">Entra\u00eenement jeunes&nbsp;: Groupe 1<\/td>\n<\/tr>\n<tr>\n<td width=\"142\">18h15\/19h30<\/td>\n<td width=\"543\">Entra\u00eenement jeunes&nbsp;: Groupe 2<\/td>\n<\/tr>\n<tr>\n<td width=\"94\">Jeudi<\/td>\n<td width=\"142\">20h00\/22h30<\/td>\n<td width=\"543\">Loisir adultes (demi salle)<\/td>\n<\/tr>\n<tr>\n<td width=\"94\">Vendredi<\/td>\n<td width=\"142\">18h00\/22h30<\/td>\n<td width=\"543\">loisir adultes + comp\u00e9tition FFTT vers 20h<\/td>\n<\/tr>\n<tr>\n<td width=\"94\">Samedi<\/td>\n<td width=\"142\">14h00\/19h30<\/td>\n<td width=\"543\">Loisir adultes + comp\u00e9tition FFTT<\/td>\n<\/tr>\n<tr>\n<td width=\"94\">Dimanche<\/td>\n<td width=\"142\">09h30\/12h30<\/td>\n<td width=\"543\">Loisir adultes (demi salle)<\/td>\n<\/tr>\n<\/tbody>\n<\/table>\n<h4>Championnat par \u00e9quipe<\/h4>\n<p><strong>En UFOLEP<\/strong><\/p>\n<div dir=\"ltr\">Ceux qui \u00e9taient \u00e0 l&#8217;AG vendredi savent qu&#8217;une \u00e9quipe Ufolep \u00e9tait qualifi\u00e9e pour les finales des coupes d\u00e9partementales Messieurs classement 9 \u00e0 12 qui se d\u00e9roulaient \u00e0 Melun samedi soir et j&#8217;ai le plaisir de vous annoncer qu&#8217;ils ont gagn\u00e9. Bussy est donc CHAMPION pour cette cat\u00e9gorie.<\/div>\n<div dir=\"ltr\">Vous trouverez les photos des champions, coupes et fanions en pi\u00e8ce jointe. Bravo \u00e0 eux !!!!<\/div>\n<div dir=\"ltr\"><\/div>\n<div dir=\"ltr\">J&#8217;en profite \u00e9galement pour vous joindre :<\/div>\n<div dir=\"ltr\"><\/div>\n<div dir=\"ltr\">&#8211; une photo suite \u00e0 la victoire de Bussy en championnat par \u00e9quipe de 3 qui est donc champion du d\u00e9partement en Promotion Honneur (merci \u00e9galement aux joueurs qui n&#8217;ont pas jou\u00e9 la finale mais qui ont oeuvr\u00e9 tout l&#8217;ann\u00e9e pour ce tr\u00e8s beau r\u00e9sultat)<\/div>\n<div dir=\"ltr\"><\/div>\n<div dir=\"ltr\">&#8211; une photo d&#8217;un des podiums des individuels (2\u00e8me place en double dames aux R\u00e9gionaux B)<\/div>\n<div dir=\"ltr\"><\/div>\n<div dir=\"ltr\">Tr\u00e8s bonne fin de journ\u00e9e \u00e0 tous et n&#8217;oubliez pas de vous manifester rapidement pour constituer les \u00e9quipes de la rentr\u00e9e prochaine.<\/div>\n<div dir=\"ltr\">Plus t\u00f4t les dossiers complets sont transmis, plus t\u00f4t les licences peuvent \u00eatre saisies et la rentr\u00e9e se d\u00e9rouler sereinement.<\/div>\n<div dir=\"ltr\"><a href=\"http:\/\/www.cttbsg.domosite.fr\/wp-content\/uploads\/2022\/06\/IMG_20220619_155446.jpg\"><img loading=\"lazy\" decoding=\"async\" class=\"alignnone size-medium wp-image-615\" src=\"http:\/\/www.cttbsg.domosite.fr\/wp-content\/uploads\/2022\/06\/IMG_20220619_155446-225x300.jpg\" alt=\"IMG_20220619_155446\" width=\"225\" height=\"300\" srcset=\"https:\/\/www.cttbsg.domosite.fr\/wp-content\/uploads\/2022\/06\/IMG_20220619_155446-225x300.jpg 225w, https:\/\/www.cttbsg.domosite.fr\/wp-content\/uploads\/2022\/06\/IMG_20220619_155446.jpg 756w\" sizes=\"auto, (max-width: 225px) 100vw, 225px\" \/><\/a><a href=\"http:\/\/www.cttbsg.domosite.fr\/wp-content\/uploads\/2022\/06\/IMG20220313172733.jpg\"><img loading=\"lazy\" decoding=\"async\" class=\"alignnone size-medium wp-image-621\" src=\"http:\/\/www.cttbsg.domosite.fr\/wp-content\/uploads\/2022\/06\/IMG20220313172733-300x224.jpg\" alt=\"IMG20220313172733\" width=\"300\" height=\"224\"><\/a><\/div>\n<div dir=\"ltr\">Merci \u00e0 tous et au plaisir de vous voir \u00e0 la salle.<\/div>\n<div dir=\"ltr\">Dominique<\/div>\n<div dir=\"ltr\"><\/div>\n<div dir=\"ltr\"><\/div>\n<div dir=\"ltr\"><\/div>\n<p><strong>En FFTT<\/strong><\/p>\n<p>Suite au retour des capitaines aupr\u00e8s des joueurs qui ont particip\u00e9 au championnat cette saison, nous allons reconduire les 4 \u00e9quipes de la saison pr\u00e9c\u00e9dente.<\/p>\n<p>1 \u00e9quipe en PR A<br \/>\n1 \u00e9quipe en PR B<br \/>\n1 \u00e9quipe en D1<br \/>\n1 \u00e9quipe en D2<br \/>\nSi des joueurs d\u00e9sirent reprendre la comp\u00e9tition FFTT pour la saison 2022-2023, merci de me pr\u00e9venir.<br \/>\nSi des joueurs loisirs sont \u00e9galement int\u00e9ress\u00e9s pour former une \u00e9quipe entre eux, nous pouvons engager une nouvelle \u00e9quipe au plus tard d\u00e9but septembre.<\/p>\n<p><strong> Partenariat avec la soci\u00e9t\u00e9 SPIN ONE<\/strong><br \/>\nJ&#8217;ai sign\u00e9 un contrat de partenariat avec la soci\u00e9t\u00e9 SPIN ONE, \u00e9quipementier de tennis de table. Leur site est : <a href=\"http:\/\/www.spinone.fr\">www.spinone.fr<\/a><br \/>\nCette soci\u00e9t\u00e9 est g\u00e9r\u00e9e par l&#8217; entraineur de Bussy : Franck&nbsp; pour distribuer le mat\u00e9riel que vous allez acheter<br \/>\nN\u2019h\u00e9sitez pas \u00e0 visiter leur site, et \u00e0 passer commande aupr\u00e8s de Franck : vous b\u00e9n\u00e9ficierez ainsi de remises et le club recevra des dotations suppl\u00e9mentaires.<br \/>\nComp\u00e9titions organis\u00e9es par le club<br \/>\nIl est important de se faire conna\u00eetre dans le d\u00e9partement et aupr\u00e8s de toutes les instances, UFOLEP comme FFTT. Pour cela, nous devons continuer d\u2019assurer l\u2019organisation de certaines comp\u00e9titions.<br \/>\nNous pourrons ainsi montrer notre unit\u00e9, notre \u00e9nergie dans le club et notre capacit\u00e9 \u00e0 relever les d\u00e9fis. Ces \u00e9l\u00e9ments nous seront \u00e9galement utiles dans nos rapports avec la municipalit\u00e9.<\/p>\n<p><strong>Site du Club et Facebook<\/strong><br \/>\nToutes les informations sur le club seront disponibles sur le site du club<br \/>\nMerci de faire notre publicit\u00e9, et je suis \u00e0 l&#8217;\u00e9coute des id\u00e9es de tous pour l&#8217;organisation et la r\u00e9ussite de cette journ\u00e9e (information, tenue du stand. \u2026.)<\/p>\n<p><strong>Entrainement<\/strong><\/p>\n<p><a href=\"https:\/\/www.youtube.com\/watch?v=VZaJMzs25fU\">https:\/\/www.youtube.com\/watch?v=VZaJMzs25fU<\/a>&nbsp;Technique du revers<\/p>\n<p><a href=\"https:\/\/www.youtube.com\/watch?v=oMwP6W8Ju4A\">https:\/\/www.youtube.com\/watch?v=oMwP6W8Ju4A<\/a>&nbsp;Technique du coup droit<\/p>\n<p><a href=\"https:\/\/www.youtube.com\/watch?v=gs4i3F5j_3U\">https:\/\/www.youtube.com\/watch?v=gs4i3F5j_3U<\/a>&nbsp; &#8211;&nbsp;&nbsp;<a href=\"https:\/\/www.youtube.com\/watch?v=3dufXgL9Kjs\">https:\/\/www.youtube.com\/watch?v=3dufXgL9Kjs<\/a>&nbsp; &#8211;&nbsp;&nbsp;<a href=\"https:\/\/www.youtube.com\/watch?v=ObtnohTy5V8\">https:\/\/www.youtube.com\/watch?v=ObtnohTy5V8<\/a><\/p>\n","protected":false},"excerpt":{"rendered":"<p>Bienvenue sur le site du Club de Tennis de Table de Bussy-Saint-Georges ! Bonjour, Pongiste du club du CTT BSG, Suite \u00e0 l&#8217;Assembl\u00e9e g\u00e9n\u00e9rale du 17 juin 2022, le nouveau bureau a \u00e9t\u00e9 \u00e9lu : Pr\u00e9sident Jean BOISSERON, secr\u00e9taire Elaine MONNIER et tr\u00e9sorier Dorassy CHOU. Pour 2022-2023, de nouveaux projets seront propos\u00e9s notamment des entrainements, &hellip; <a href=\"https:\/\/www.cttbsg.domosite.fr\/\" class=\"more-link\">Continue reading <span class=\"screen-reader-text\"><\/span> <span class=\"meta-nav\">&rarr;<\/span><\/a><\/p>\n","protected":false},"author":1,"featured_media":0,"parent":0,"menu_order":0,"comment_status":"closed","ping_status":"closed","template":"","meta":{"footnotes":""},"class_list":["post-634","page","type-page","status-publish","hentry"],"_links":{"self":[{"href":"https:\/\/www.cttbsg.domosite.fr\/index.php\/wp-json\/wp\/v2\/pages\/634","targetHints":{"allow":["GET"]}}],"collection":[{"href":"https:\/\/www.cttbsg.domosite.fr\/index.php\/wp-json\/wp\/v2\/pages"}],"about":[{"href":"https:\/\/www.cttbsg.domosite.fr\/index.php\/wp-json\/wp\/v2\/types\/page"}],"author":[{"embeddable":true,"href":"https:\/\/www.cttbsg.domosite.fr\/index.php\/wp-json\/wp\/v2\/users\/1"}],"replies":[{"embeddable":true,"href":"https:\/\/www.cttbsg.domosite.fr\/index.php\/wp-json\/wp\/v2\/comments?post=634"}],"version-history":[{"count":2,"href":"https:\/\/www.cttbsg.domosite.fr\/index.php\/wp-json\/wp\/v2\/pages\/634\/revisions"}],"predecessor-version":[{"id":687,"href":"https:\/\/www.cttbsg.domosite.fr\/index.php\/wp-json\/wp\/v2\/pages\/634\/revisions\/687"}],"wp:attachment":[{"href":"https:\/\/www.cttbsg.domosite.fr\/index.php\/wp-json\/wp\/v2\/media?parent=634"}],"curies":[{"name":"wp","href":"https:\/\/api.w.org\/{rel}","templated":true}]}}